{"id":18,"date":"2024-03-01T15:01:22","date_gmt":"2024-03-01T13:01:22","guid":{"rendered":"https:\/\/katreux23.ikt.khk.ee\/wordpress\/?page_id=18"},"modified":"2024-03-01T15:15:28","modified_gmt":"2024-03-01T13:15:28","slug":"minust","status":"publish","type":"page","link":"https:\/\/katreux23.ikt.khk.ee\/wordpress\/minust\/","title":{"rendered":"Minust"},"content":{"rendered":"\n<p>Siin on huvitav tekst minust. Olen otsekohese v\u00e4lja\u00fctlemisega ja v\u00f5in tunduda paljudele kuidagi &#8220;kurja&#8221; olemisega, kuid tegelikult v\u00f5tan asju v\u00e4ga kergesti s\u00fcdamesse ja elan emotsionaalselt k\u00f5igele v\u00e4ga kaasa. Loen hetkel raamatut &#8220;Fourth Wing&#8221; ja olen sellest vaimustuses. Viimati lugesin raamatut, millest nii haaratud olen ~2 aastat tagasi ja olen igatsenud seda tunnet, et raamat mind t\u00e4iesti endasse imeks. Mulle meeldib lugeda <em>romantasy <\/em>raamatuid, mis \u00fchendavad endas fantaasia ja romantika.<\/p>\n\n\n\n<p>Google dokument, mis viitab eelmisele n\u00f5utud \u00fclesandele (v\u00e4lja kirjutatud lingina):<br><a href=\"https:\/\/docs.google.com\/document\/d\/1gdF_A7g5HCv1u7GVVq13WJ1Vlnp49L9yO2B1OdPMjJI\/edit?usp=sharing\">https:\/\/docs.google.com\/document\/d\/1gdF_A7g5HCv1u7GVVq13WJ1Vlnp49L9yO2B1OdPMjJI\/edit?usp=sharing<\/a><\/p>\n\n\n\n<p>Sama Google&#8217;i dokument, kuid vaid<a href=\"https:\/\/docs.google.com\/document\/d\/1gdF_A7g5HCv1u7GVVq13WJ1Vlnp49L9yO2B1OdPMjJI\/edit?usp=sharing\" data-type=\"link\" data-id=\"https:\/\/docs.google.com\/document\/d\/1gdF_A7g5HCv1u7GVVq13WJ1Vlnp49L9yO2B1OdPMjJI\/edit?usp=sharing\"> SIIA VAJUTADES<\/a> saab selle lingi avada.<\/p>\n\n\n\n<p>Siin on \u00fche Google dokumendi <em>embed <\/em>versioon:<\/p>\n\n\n\n<iframe src=\"https:\/\/drive.google.com\/file\/d\/1aOIUy0gcGQwE2-5LhyWvwawDzmnOIzzt\/preview\" width=\"640\" height=\"480\" allow=\"autoplay\"><\/iframe>\n\n\n\n<p>Kui muudmoodi on vaja Google&#8217;i dokumenti lisada siia postitusse, siis ma ei saanud juhendist t\u00e4pselt aru, mis n\u00f5utud oli ja siin ei paista olevat mingit paremat moodust Google&#8217;i dokumendi lisamiseks.<\/p>\n\n\n\n<p>Siin on <a href=\"https:\/\/vikerraadio.err.ee\/968460\/onu-remuse-jutte-karuonu-ja-konnatadi\/970716\" data-type=\"link\" data-id=\"https:\/\/vikerraadio.err.ee\/968460\/onu-remuse-jutte-karuonu-ja-konnatadi\/970716\">audio link<\/a>, millelt saab kuulata unejutuks Onu Remuse juttu nimega &#8220;Karuonu ja konnat\u00e4di.&#8221;<\/p>\n\n\n\n<iframe style=\"width: 670px; height: 377px;\" src=\"\/\/services.err.ee\/media\/embed\/970716\" frameborder=\"0\"><\/iframe>\n\n\n\n<p><a href=\"https:\/\/drive.google.com\/file\/d\/1aOIUy0gcGQwE2-5LhyWvwawDzmnOIzzt\/view?usp=drive_link\">https:\/\/drive.google.com\/file\/d\/1aOIUy0gcGQwE2-5LhyWvwawDzmnOIzzt\/view?usp=drive_link<\/a><\/p>\n\n\n","protected":false},"excerpt":{"rendered":"<p>Siin on huvitav tekst minust. Olen otsekohese v\u00e4lja\u00fctlemisega ja v\u00f5in tunduda paljudele kuidagi &#8220;kurja&#8221; olemisega, kuid tegelikult v\u00f5tan asju v\u00e4ga [&hellip;]<\/p>\n","protected":false},"author":1,"featured_media":0,"parent":0,"menu_order":0,"comment_status":"closed","ping_status":"closed","template":"","meta":{"site-sidebar-layout":"default","site-content-layout":"","ast-site-content-layout":"","site-content-style":"default","site-sidebar-style":"default","ast-global-header-display":"","ast-banner-title-visibility":"","ast-main-header-display":"","ast-hfb-above-header-display":"","ast-hfb-below-header-display":"","ast-hfb-mobile-header-display":"","site-post-title":"","ast-breadcrumbs-content":"","ast-featured-img":"","footer-sml-layout":"","theme-transparent-header-meta":"","adv-header-id-meta":"","stick-header-meta":"","header-above-stick-meta":"","header-main-stick-meta":"","header-below-stick-meta":"","astra-migrate-meta-layouts":"default","ast-page-background-enabled":"default","ast-page-background-meta":{"desktop":{"background-color":"var(--ast-global-color-4)","background-image":"","background-repeat":"repeat","background-position":"center center","background-size":"auto","background-attachment":"scroll","background-type":"","background-media":"","overlay-type":"","overlay-color":"","overlay-gradient":""},"tablet":{"background-color":"","background-image":"","background-repeat":"repeat","background-position":"center center","background-size":"auto","background-attachment":"scroll","background-type":"","background-media":"","overlay-type":"","overlay-color":"","overlay-gradient":""},"mobile":{"background-color":"","background-image":"","background-repeat":"repeat","background-position":"center center","background-size":"auto","background-attachment":"scroll","background-type":"","background-media":"","overlay-type":"","overlay-color":"","overlay-gradient":""}},"ast-content-background-meta":{"desktop":{"background-color":"var(--ast-global-color-5)","background-image":"","background-repeat":"repeat","background-position":"center center","background-size":"auto","background-attachment":"scroll","background-type":"","background-media":"","overlay-type":"","overlay-color":"","overlay-gradient":""},"tablet":{"background-color":"var(--ast-global-color-5)","background-image":"","background-repeat":"repeat","background-position":"center center","background-size":"auto","background-attachment":"scroll","background-type":"","background-media":"","overlay-type":"","overlay-color":"","overlay-gradient":""},"mobile":{"background-color":"var(--ast-global-color-5)","background-image":"","background-repeat":"repeat","background-position":"center center","background-size":"auto","background-attachment":"scroll","background-type":"","background-media":"","overlay-type":"","overlay-color":"","overlay-gradient":""}},"footnotes":""},"class_list":["post-18","page","type-page","status-publish","hentry"],"_links":{"self":[{"href":"https:\/\/katreux23.ikt.khk.ee\/wordpress\/wp-json\/wp\/v2\/pages\/18","targetHints":{"allow":["GET"]}}],"collection":[{"href":"https:\/\/katreux23.ikt.khk.ee\/wordpress\/wp-json\/wp\/v2\/pages"}],"about":[{"href":"https:\/\/katreux23.ikt.khk.ee\/wordpress\/wp-json\/wp\/v2\/types\/page"}],"author":[{"embeddable":true,"href":"https:\/\/katreux23.ikt.khk.ee\/wordpress\/wp-json\/wp\/v2\/users\/1"}],"replies":[{"embeddable":true,"href":"https:\/\/katreux23.ikt.khk.ee\/wordpress\/wp-json\/wp\/v2\/comments?post=18"}],"version-history":[{"count":3,"href":"https:\/\/katreux23.ikt.khk.ee\/wordpress\/wp-json\/wp\/v2\/pages\/18\/revisions"}],"predecessor-version":[{"id":27,"href":"https:\/\/katreux23.ikt.khk.ee\/wordpress\/wp-json\/wp\/v2\/pages\/18\/revisions\/27"}],"wp:attachment":[{"href":"https:\/\/katreux23.ikt.khk.ee\/wordpress\/wp-json\/wp\/v2\/media?parent=18"}],"curies":[{"name":"wp","href":"https:\/\/api.w.org\/{rel}","templated":true}]}}