{"id":14,"date":"2024-03-01T14:49:25","date_gmt":"2024-03-01T12:49:25","guid":{"rendered":"https:\/\/katreux23.ikt.khk.ee\/wordpress\/?page_id=14"},"modified":"2024-03-01T14:49:25","modified_gmt":"2024-03-01T12:49:25","slug":"tutvustus","status":"publish","type":"page","link":"https:\/\/katreux23.ikt.khk.ee\/wordpress\/tutvustus\/","title":{"rendered":"Tutvustus"},"content":{"rendered":"\n<p>Siin on \u00fcks l\u00f5ik teksti, vastavalt &#8220;Front-end UX23&#8221; Moodle&#8217;i kursuse \u00fclesande &#8220;Praktiline \u00fclesanne 2 Meedia lisamine&#8221; juhendile. \u00dclesande eesm\u00e4rgiks on lisada \u00fcks l\u00f5ik teksti, l\u00f5igu j\u00e4rele mulle meelep\u00e4rane video, veel \u00fcks leht pealkirjaga &#8220;Minust&#8221; ja sinna lisada Google&#8217;i dokument ja selle j\u00e4rele omakorda veel audio link. Lisaks ka alamleht &#8220;Asukoht&#8221; koos Google Maps kaardiga, mis tuleb kuvada men\u00fc\u00fcs alamen\u00fc\u00fcna. Loodud lehtedest tuleb teha kuvat\u00f5mmised, et \u00fclesanne saaks arvestatud. Hetkel hindas \u00f5petaja minu t\u00f6\u00f6 mittearvestatuks, kuna mul oli see \u00fclesanne tegemata. \u00dcritan n\u00fc\u00fcd kiirelt viga parandada, kuigi tunnen WordPress&#8217;i tegelikult piisavalt ja arvan, et ma ei peaks tingimata tegema seda \u00fclesannet hetkel uuesti, sest olen teiste enda hallatavate WordPress lehek\u00fclgedel juba erinevate lehtede ja meedia loomisega kokku puutunud.\u00a0<\/p>\n\n\n\n<p>Mulle meelep\u00e4rane video YouTube&#8217;ist:<\/p>\n\n\n\n<figure class=\"wp-block-embed is-type-video is-provider-youtube wp-block-embed-youtube wp-embed-aspect-16-9 wp-has-aspect-ratio\"><div class=\"wp-block-embed__wrapper\">\n<div class=\"ast-oembed-container \" style=\"height: 100%;\"><iframe title=\"The Weeknd, Madonna, Playboi Carti - Popular (Official Music Video)\" width=\"500\" height=\"281\" src=\"https:\/\/www.youtube.com\/embed\/vt0i6nuqNEo?feature=oembed\" frameborder=\"0\" allow=\"accelerometer; autoplay; clipboard-write; encrypted-media; gyroscope; picture-in-picture; web-share\" referrerpolicy=\"strict-origin-when-cross-origin\" allowfullscreen><\/iframe><\/div>\n<\/div><\/figure>\n","protected":false},"excerpt":{"rendered":"<p>Siin on \u00fcks l\u00f5ik teksti, vastavalt &#8220;Front-end UX23&#8221; Moodle&#8217;i kursuse \u00fclesande &#8220;Praktiline \u00fclesanne 2 Meedia lisamine&#8221; juhendile. \u00dclesande eesm\u00e4rgiks on [&hellip;]<\/p>\n","protected":false},"author":1,"featured_media":0,"parent":0,"menu_order":0,"comment_status":"closed","ping_status":"closed","template":"","meta":{"site-sidebar-layout":"default","site-content-layout":"","ast-site-content-layout":"","site-content-style":"default","site-sidebar-style":"default","ast-global-header-display":"","ast-banner-title-visibility":"","ast-main-header-display":"","ast-hfb-above-header-display":"","ast-hfb-below-header-display":"","ast-hfb-mobile-header-display":"","site-post-title":"","ast-breadcrumbs-content":"","ast-featured-img":"","footer-sml-layout":"","theme-transparent-header-meta":"","adv-header-id-meta":"","stick-header-meta":"","header-above-stick-meta":"","header-main-stick-meta":"","header-below-stick-meta":"","astra-migrate-meta-layouts":"default","ast-page-background-enabled":"default","ast-page-background-meta":{"desktop":{"background-color":"var(--ast-global-color-4)","background-image":"","background-repeat":"repeat","background-position":"center center","background-size":"auto","background-attachment":"scroll","background-type":"","background-media":"","overlay-type":"","overlay-color":"","overlay-gradient":""},"tablet":{"background-color":"","background-image":"","background-repeat":"repeat","background-position":"center center","background-size":"auto","background-attachment":"scroll","background-type":"","background-media":"","overlay-type":"","overlay-color":"","overlay-gradient":""},"mobile":{"background-color":"","background-image":"","background-repeat":"repeat","background-position":"center center","background-size":"auto","background-attachment":"scroll","background-type":"","background-media":"","overlay-type":"","overlay-color":"","overlay-gradient":""}},"ast-content-background-meta":{"desktop":{"background-color":"var(--ast-global-color-5)","background-image":"","background-repeat":"repeat","background-position":"center center","background-size":"auto","background-attachment":"scroll","background-type":"","background-media":"","overlay-type":"","overlay-color":"","overlay-gradient":""},"tablet":{"background-color":"var(--ast-global-color-5)","background-image":"","background-repeat":"repeat","background-position":"center center","background-size":"auto","background-attachment":"scroll","background-type":"","background-media":"","overlay-type":"","overlay-color":"","overlay-gradient":""},"mobile":{"background-color":"var(--ast-global-color-5)","background-image":"","background-repeat":"repeat","background-position":"center center","background-size":"auto","background-attachment":"scroll","background-type":"","background-media":"","overlay-type":"","overlay-color":"","overlay-gradient":""}},"footnotes":""},"class_list":["post-14","page","type-page","status-publish","hentry"],"_links":{"self":[{"href":"https:\/\/katreux23.ikt.khk.ee\/wordpress\/wp-json\/wp\/v2\/pages\/14","targetHints":{"allow":["GET"]}}],"collection":[{"href":"https:\/\/katreux23.ikt.khk.ee\/wordpress\/wp-json\/wp\/v2\/pages"}],"about":[{"href":"https:\/\/katreux23.ikt.khk.ee\/wordpress\/wp-json\/wp\/v2\/types\/page"}],"author":[{"embeddable":true,"href":"https:\/\/katreux23.ikt.khk.ee\/wordpress\/wp-json\/wp\/v2\/users\/1"}],"replies":[{"embeddable":true,"href":"https:\/\/katreux23.ikt.khk.ee\/wordpress\/wp-json\/wp\/v2\/comments?post=14"}],"version-history":[{"count":1,"href":"https:\/\/katreux23.ikt.khk.ee\/wordpress\/wp-json\/wp\/v2\/pages\/14\/revisions"}],"predecessor-version":[{"id":16,"href":"https:\/\/katreux23.ikt.khk.ee\/wordpress\/wp-json\/wp\/v2\/pages\/14\/revisions\/16"}],"wp:attachment":[{"href":"https:\/\/katreux23.ikt.khk.ee\/wordpress\/wp-json\/wp\/v2\/media?parent=14"}],"curies":[{"name":"wp","href":"https:\/\/api.w.org\/{rel}","templated":true}]}}